{"id":96,"date":"2018-08-09T15:17:29","date_gmt":"2018-08-09T15:17:29","guid":{"rendered":"http:\/\/demo.sharkthemes.com\/uni-education\/?page_id=94"},"modified":"2020-08-27T05:29:38","modified_gmt":"2020-08-27T03:29:38","slug":"about-us","status":"publish","type":"page","link":"https:\/\/ilearnonline.be\/index.php\/about-us\/","title":{"rendered":"A propos"},"content":{"rendered":"<h3><span style=\"color: #f19066;\">EDUCATION is<\/span><\/h3>\n<h4><span style=\"color: #f3a683;\">&#8230; the most powerful weapon &#8230;<\/span><\/h4>\n<div align=\"justify\">\n<p>\u00ab\u00a0<strong><em>L&rsquo;\u00e9ducation est l&rsquo;arme la plus puissante pour changer le monde<\/em><\/strong>\u00a0\u00bb (Nelson Mandela, 1918-2013). L&rsquo;\u00e9ducation est un processus tr\u00e8s large par lequel un apprenant acquiert des comp\u00e9tences, des connaissance, \u00a0des valeurs, des croyances et des habitudes. Notre but ultime en tant qu&rsquo;enseignant est d&rsquo;<strong>apprendre \u00e0 apprendre<\/strong> et d&rsquo;aider l&rsquo;enfant \u00e0 devenir l&rsquo;homme de demain.<\/p>\n<h4><span style=\"color: #f3a683;\">&#8230; to change the world!<\/span><\/h4>\n<p>A l&rsquo;heure actuelle, l&rsquo;\u00e9ducation est sublim\u00e9e par l&rsquo;arriv\u00e9e des technologies dans nos vies. Sublim\u00e9e est sans doute un grand mot car cela d\u00e9pend surtout de l&rsquo;utilisation qui est fait de cet outil magnifique.<\/p>\n<p>Ce site a \u00e9t\u00e9 cr\u00e9\u00e9 pour permettre aux \u00e9tudiants d&rsquo;acc\u00e9der \u00e0 de multiples formes de contenus et de pouvoir s&rsquo;habituer \u00e0 l&rsquo;usage des technologies. Le but premier est le <strong>partage des connaissances<\/strong> \u00e0 travers d&rsquo;autres moyens que ceux mis en place habituellement, mais pas que. Via le canal du blog (entre autres), je souhaite proposer aux utilisateurs du site la possibilit\u00e9 <strong>de poser un regard critique<\/strong> sur diff\u00e9rents points importants de notre soci\u00e9t\u00e9: l&rsquo;\u00e9cologie, le respect, l&rsquo;ouverture d&rsquo;esprit, etc.<\/p>\n<h4><span style=\"color: #f3a683;\"><strong>La plateforme<\/strong><\/span><\/h4>\n<p>Sur du moyen terme, la plateforme proposera aux \u00e9tudiants une d\u00e9marche d&rsquo;apprentissage autonome. Cette d\u00e9marche se veut dans un premier temps \u00ab\u00a0r\u00e9paratrice\u00a0\u00bb des trop nombreuses lacunes qui subsistent d&rsquo;ann\u00e9e en ann\u00e9e. D&rsquo;autres part, ce syst\u00e8me d&rsquo;<strong>e-learning<\/strong>\u00a0 devrait permettre \u00e0 quiconque d&rsquo;acc\u00e9der aux premi\u00e8res ressources grammaticales et communicatives en anglais.<\/p>\n<h4><span style=\"color: #f3a683;\"><strong>Bio<\/strong><\/span><\/h4>\n<p id=\"ConnectiveDocSignExtentionInstalled\" data-extension-version=\"1.0.4\">Titulaire d&rsquo;un baccalaur\u00e9at en <strong>langues germaniques<\/strong> \u00e0 la <strong>HELHA<\/strong> (anciennement <strong>HERB<\/strong>), j&rsquo;ai commenc\u00e9 mon parcours professionnel au contact de divers publics et divers niveaux d&rsquo;enseignement: de l&rsquo;apprentissage pr\u00e9coce du n\u00e9erlandais en maternelle \u00e0 l&rsquo;enseignement de l&rsquo;anglais en section professionnelle.<\/p>\n<p data-extension-version=\"1.0.4\">Apr\u00e8s deux ans en tant qu&rsquo;enseignant, direction <strong>l&rsquo;UMons\u00a0<\/strong>en cours du jour\u00a0pour approfondir mes connaissances en p\u00e9dagogie. Je terminerai mon master en sciences de l&rsquo;\u00e9ducation en d\u00e9fendant un m\u00e9moire sur l&rsquo;<strong>\u00e9tude de l&rsquo;utilisation de la tablette tactile en contexte scolaire.<\/strong><\/p>\n<p data-extension-version=\"1.0.4\">En parall\u00e8le, j&rsquo;ai repris un peu de service professionnel: j&rsquo;enseigne les langues dans le primaire \u00e0 Lombise et je suis charg\u00e9 de mission pour le d\u00e9veloppement d&rsquo;une plateforme de formation sur un projet europ\u00e9en d&rsquo;e-learning pour <strong>l&rsquo;UMons<\/strong> (Projet <strong>eLeSi<\/strong>).<\/p>\n<p data-extension-version=\"1.0.4\">Aujourd&rsquo;hui, j&rsquo;enseigne au <strong>CES<\/strong> <strong>Saint-Vincent<\/strong> de Soignies, principalement l&rsquo;anglais, de la 2\u00e8me commune \u00e0 la 4\u00e8me ann\u00e9e en qualification. Je suis <strong>titulaire<\/strong> en 3\u00e8me GT option sciences-langues et\u00a0<strong>coordinateur<\/strong> <strong>p\u00e9dagogique<\/strong> pour le cours d&rsquo;anglais au DOA<\/p>\n<p data-extension-version=\"1.0.4\">En 2019, j&rsquo;ai commenc\u00e9 \u00e0 travailler comme co-auteur pour les \u00e9ditions <strong>Pelckmans<\/strong>. <strong>Keep<\/strong>\u00a0<strong>UP 1 <\/strong>est un\u00a0manuel destin\u00e9 aux \u00e9l\u00e8ves des sections qualifiantes. Il est disponible \u00e0 partir de la rentr\u00e9e de septembre 2020.<\/p>\n<\/div>\n<div id=\"ConnectiveDocSignExtentionInstalled\" data-extension-version=\"1.0.4\"><\/div>\n<div id=\"ConnectiveDocSignExtentionInstalled\" data-extension-version=\"1.0.4\"><\/div>\n<div id=\"ConnectiveDocSignExtentionInstalled\" data-extension-version=\"1.0.4\"><\/div>\n<div id=\"ConnectiveDocSignExtentionInstalled\" data-extension-version=\"1.0.4\"><\/div>\n","protected":false},"excerpt":{"rendered":"<p>EDUCATION is &#8230; the most powerful weapon &#8230; \u00ab\u00a0L&rsquo;\u00e9ducation est l&rsquo;arme la plus puissante pour changer le monde\u00a0\u00bb (Nelson Mandela, 1918-2013). L&rsquo;\u00e9ducation est un processus [&hellip;]<\/p>\n","protected":false},"author":2,"featured_media":0,"parent":0,"menu_order":0,"comment_status":"closed","ping_status":"closed","template":"","meta":{"footnotes":""},"class_list":["post-96","page","type-page","status-publish","hentry"],"_links":{"self":[{"href":"https:\/\/ilearnonline.be\/index.php\/wp-json\/wp\/v2\/pages\/96","targetHints":{"allow":["GET"]}}],"collection":[{"href":"https:\/\/ilearnonline.be\/index.php\/wp-json\/wp\/v2\/pages"}],"about":[{"href":"https:\/\/ilearnonline.be\/index.php\/wp-json\/wp\/v2\/types\/page"}],"author":[{"embeddable":true,"href":"https:\/\/ilearnonline.be\/index.php\/wp-json\/wp\/v2\/users\/2"}],"replies":[{"embeddable":true,"href":"https:\/\/ilearnonline.be\/index.php\/wp-json\/wp\/v2\/comments?post=96"}],"version-history":[{"count":7,"href":"https:\/\/ilearnonline.be\/index.php\/wp-json\/wp\/v2\/pages\/96\/revisions"}],"predecessor-version":[{"id":857,"href":"https:\/\/ilearnonline.be\/index.php\/wp-json\/wp\/v2\/pages\/96\/revisions\/857"}],"wp:attachment":[{"href":"https:\/\/ilearnonline.be\/index.php\/wp-json\/wp\/v2\/media?parent=96"}],"curies":[{"name":"wp","href":"https:\/\/api.w.org\/{rel}","templated":true}]}}