{"id":373,"date":"2019-05-07T22:31:12","date_gmt":"2019-05-07T20:31:12","guid":{"rendered":"https:\/\/ilearnonline.be\/?page_id=373"},"modified":"2019-06-04T09:31:47","modified_gmt":"2019-06-04T07:31:47","slug":"preparation-au-ce1d","status":"publish","type":"page","link":"https:\/\/ilearnonline.be\/index.php\/2c\/preparation-au-ce1d\/","title":{"rendered":"Pr\u00e9paration au CE1D"},"content":{"rendered":"<h2>Pr\u00e9paration et r\u00e9visions CE1D<\/h2>\n<hr \/>\n<h5><strong>Table des mati\u00e8res<\/strong><\/h5>\n<ol>\n<li><a href=\"#A1\">Anciens CE1D<\/a><\/li>\n<li><a href=\"#A2\">Dossier de vocabulaire<\/a><\/li>\n<li><a href=\"#A3\">Dossier de r\u00e9vision<\/a><\/li>\n<\/ol>\n<hr \/>\n<h5><a name=\"A1\"><\/a><strong>1. Anciens CE1D<\/strong><\/h5>\n<p>Si tu d\u00e9sires trouver les CE1D des ann\u00e9es pr\u00e9c\u00e9dentes, clique <a href=\"http:\/\/www.enseignement.be\/index.php?page=26913&amp;navi=3513\" target=\"_blank\" rel=\"noopener noreferrer\">ici<\/a>.<\/p>\n<p>Pour le CE1D de 2018, voici le dossier complet:<\/p>\n<ul>\n<li><a href=\"https:\/\/ilearnonline.be\/wp-content\/uploads\/2019\/05\/Evaluation-certificative-CE1D-2018-Langues-modernes-anglais-questionnaire-version-standard-ressource-14599.pdf\" target=\"_blank\" rel=\"noopener noreferrer\">Questionnaire anglais CE1D 2018<\/a><\/li>\n<li><a href=\"http:\/\/enseignement.be\/download.php?do_id=14605\" target=\"_blank\" rel=\"noopener noreferrer\">Guide de correction CE1D 2018<\/a><\/li>\n<\/ul>\n<div class=\"wp-playlist wp-audio-playlist wp-playlist-light\">\n\t\t\t<div class=\"wp-playlist-current-item\"><\/div>\n\t\t<audio controls=\"controls\" preload=\"none\" width=\"797\"\n\t\t\t><\/audio>\n\t<div class=\"wp-playlist-next\"><\/div>\n\t<div class=\"wp-playlist-prev\"><\/div>\n\t<noscript>\n\t<ol>\n\t\t<li><a href='https:\/\/ilearnonline.be\/wp-content\/uploads\/2019\/05\/Evaluation-certificative-CE1D-2018-Langues-modernes-anglais-compr\u00c7hension-audition1.mp3'>LM anglais - compr\u00e9hension audition 1 - sans pause<\/a><\/li><li><a href='https:\/\/ilearnonline.be\/wp-content\/uploads\/2019\/05\/Evaluation-certificative-CE1D-2018-Langues-modernes-anglais-compr\u00c7hension-audition2.mp3'>LM anglais - compr\u00e9hension audition 2 - sans pause<\/a><\/li>\t<\/ol>\n\t<\/noscript>\n\t<script type=\"application\/json\" class=\"wp-playlist-script\">{\"type\":\"audio\",\"tracklist\":true,\"tracknumbers\":true,\"images\":true,\"artists\":true,\"tracks\":[{\"src\":\"https:\/\/ilearnonline.be\/wp-content\/uploads\/2019\/05\/Evaluation-certificative-CE1D-2018-Langues-modernes-anglais-compr\\u00c7hension-audition1.mp3\",\"type\":\"audio\/mpeg\",\"title\":\"LM anglais - compr\\u00e9hension audition 1 - sans pause\",\"caption\":\"\",\"description\":\"\\u003Ci\\u003ELM anglais - compr\\u00e9hension audition 1 - sans pause\\u003C\/i\\u003E tir\\u00e9 de \\u003Ci\\u003ECE1D 2018 - LANGUES MODERNES anglais - compr\\u00e9hension audition\\u003C\/i\\u003E par MFWB - AGE. Date de sortie\\u00a0: 2018. Piste 1 sur 6. Genre\\u00a0: Texte parl\\u00e9.\",\"meta\":{\"artist\":\"MFWB - AGE\",\"album\":\"CE1D 2018 - LANGUES MODERNES anglais - compr\\u00e9hension audition\",\"genre\":\"Texte parl\\u00e9\",\"year\":\"2018\",\"length_formatted\":\"2:41\"},\"image\":{\"src\":\"https:\/\/ilearnonline.be\/wp-content\/uploads\/2019\/05\/Evaluation-certificative-CE1D-2018-Langues-modernes-anglais-compr\\u00c7hension-audition1-mp3-image.png\",\"width\":669,\"height\":796},\"thumb\":{\"src\":\"https:\/\/ilearnonline.be\/wp-content\/uploads\/2019\/05\/Evaluation-certificative-CE1D-2018-Langues-modernes-anglais-compr\\u00c7hension-audition1-mp3-image-150x150.png\",\"width\":150,\"height\":150}},{\"src\":\"https:\/\/ilearnonline.be\/wp-content\/uploads\/2019\/05\/Evaluation-certificative-CE1D-2018-Langues-modernes-anglais-compr\\u00c7hension-audition2.mp3\",\"type\":\"audio\/mpeg\",\"title\":\"LM anglais - compr\\u00e9hension audition 2 - sans pause\",\"caption\":\"\",\"description\":\"\\u003Ci\\u003ELM anglais - compr\\u00e9hension audition 2 - sans pause\\u003C\/i\\u003E tir\\u00e9 de \\u003Ci\\u003ECE1D 2018 - LANGUES MODERNES anglais - compr\\u00e9hension audition\\u003C\/i\\u003E par MFWB - AGE. Date de sortie\\u00a0: 2018. Piste 4 sur 6. Genre\\u00a0: Texte parl\\u00e9.\",\"meta\":{\"artist\":\"MFWB - AGE\",\"album\":\"CE1D 2018 - LANGUES MODERNES anglais - compr\\u00e9hension audition\",\"genre\":\"Texte parl\\u00e9\",\"year\":\"2018\",\"length_formatted\":\"3:14\"},\"image\":{\"src\":\"https:\/\/ilearnonline.be\/wp-content\/uploads\/2019\/05\/Evaluation-certificative-CE1D-2018-Langues-modernes-anglais-compr\\u00c7hension-audition1-mp3-image.png\",\"width\":669,\"height\":796},\"thumb\":{\"src\":\"https:\/\/ilearnonline.be\/wp-content\/uploads\/2019\/05\/Evaluation-certificative-CE1D-2018-Langues-modernes-anglais-compr\\u00c7hension-audition1-mp3-image-150x150.png\",\"width\":150,\"height\":150}}]}<\/script>\n<\/div>\n\t\n<hr \/>\n<h5><a name=\"A2\"><\/a>2. Dossier de vocabulaire<\/h5>\n<ul>\n<li><a href=\"https:\/\/ilearnonline.be\/wp-content\/uploads\/2019\/05\/CE1D-Anglais-Vocabulaire.pdf\" target=\"_blank\" rel=\"noopener noreferrer\">CE1D Anglais &#8211; Vocabulaire<\/a><\/li>\n<\/ul>\n<hr \/>\n<h5><a name=\"A3\"><\/a>3. Dossier de r\u00e9visions<\/h5>\n<ul>\n<li id=\"ConnectiveDocSignExtentionInstalled\" data-extension-version=\"1.0.4\"><a href=\"https:\/\/ilearnonline.be\/wp-content\/uploads\/2019\/05\/CE1D-Se-pr\u00e9parer-au-CE1D-en-anglais.pdf\" target=\"_blank\" rel=\"noopener noreferrer\">CE1D &#8211; Se pr\u00e9parer au CE1D en anglais<\/a><\/li>\n<\/ul>\n<div id=\"ConnectiveDocSignExtentionInstalled\" data-extension-version=\"1.0.4\"><\/div>\n<div id=\"ConnectiveDocSignExtentionInstalled\" data-extension-version=\"1.0.4\"><\/div>\n<div id=\"ConnectiveDocSignExtentionInstalled\" data-extension-version=\"1.0.4\"><\/div>\n<div id=\"ConnectiveDocSignExtentionInstalled\" data-extension-version=\"1.0.4\"><\/div>\n<div id=\"ConnectiveDocSignExtentionInstalled\" data-extension-version=\"1.0.4\"><\/div>\n<div id=\"ConnectiveDocSignExtentionInstalled\" data-extension-version=\"1.0.4\"><\/div>\n<div id=\"ConnectiveDocSignExtentionInstalled\" data-extension-version=\"1.0.4\"><\/div>\n","protected":false},"excerpt":{"rendered":"<p>Pr\u00e9paration et r\u00e9visions CE1D Table des mati\u00e8res Anciens CE1D Dossier de vocabulaire Dossier de r\u00e9vision 1. Anciens CE1D Si tu d\u00e9sires trouver les CE1D des [&hellip;]<\/p>\n","protected":false},"author":2,"featured_media":0,"parent":24,"menu_order":0,"comment_status":"open","ping_status":"closed","template":"","meta":{"footnotes":""},"class_list":["post-373","page","type-page","status-publish","hentry"],"_links":{"self":[{"href":"https:\/\/ilearnonline.be\/index.php\/wp-json\/wp\/v2\/pages\/373","targetHints":{"allow":["GET"]}}],"collection":[{"href":"https:\/\/ilearnonline.be\/index.php\/wp-json\/wp\/v2\/pages"}],"about":[{"href":"https:\/\/ilearnonline.be\/index.php\/wp-json\/wp\/v2\/types\/page"}],"author":[{"embeddable":true,"href":"https:\/\/ilearnonline.be\/index.php\/wp-json\/wp\/v2\/users\/2"}],"replies":[{"embeddable":true,"href":"https:\/\/ilearnonline.be\/index.php\/wp-json\/wp\/v2\/comments?post=373"}],"version-history":[{"count":7,"href":"https:\/\/ilearnonline.be\/index.php\/wp-json\/wp\/v2\/pages\/373\/revisions"}],"predecessor-version":[{"id":487,"href":"https:\/\/ilearnonline.be\/index.php\/wp-json\/wp\/v2\/pages\/373\/revisions\/487"}],"up":[{"embeddable":true,"href":"https:\/\/ilearnonline.be\/index.php\/wp-json\/wp\/v2\/pages\/24"}],"wp:attachment":[{"href":"https:\/\/ilearnonline.be\/index.php\/wp-json\/wp\/v2\/media?parent=373"}],"curies":[{"name":"wp","href":"https:\/\/api.w.org\/{rel}","templated":true}]}}