{"id":294,"date":"2019-03-26T12:01:34","date_gmt":"2019-03-26T11:01:34","guid":{"rendered":"http:\/\/ilearnonline.be\/?page_id=294"},"modified":"2026-03-10T11:04:11","modified_gmt":"2026-03-10T10:04:11","slug":"primitive-tenses","status":"publish","type":"page","link":"https:\/\/ilearnonline.be\/index.php\/primitive-tenses\/","title":{"rendered":"Primitive tenses"},"content":{"rendered":"\n<h2 class=\"wp-block-heading\">Table des mati\u00e8res<\/h2>\n\n\n\n<ol class=\"wp-block-list\">\n<li>Calendrier des temps primitifs<\/li>\n\n\n\n<li>T\u00e9l\u00e9chargement des temps primitifs<\/li>\n\n\n\n<li>S&rsquo;entrainer aux temps primitifs (par s\u00e9rie)<\/li>\n<\/ol>\n\n\n\n<hr class=\"wp-block-separator has-alpha-channel-opacity\"\/>\n\n\n\n<h4 class=\"wp-block-heading\">1. Calendrier des temps primitifs<\/h4>\n\n\n\n<p>En cours<\/p>\n\n\n\n<hr class=\"wp-block-separator has-alpha-channel-opacity\"\/>\n\n\n\n<h4 class=\"wp-block-heading\">2. T\u00e9l\u00e9chargement des temps primitifs<\/h4>\n\n\n\n<ul class=\"wp-block-list\">\n<li><a href=\"https:\/\/ilearnonline.be\/wp-content\/uploads\/2020\/02\/Liste-des-TP-A-Ordre-alpha.pdf\" target=\"_blank\" rel=\"noopener noreferrer\">Liste des TP A &#8211; Ordre alphab\u00e9tique<\/a><\/li>\n\n\n\n<li><a href=\"https:\/\/ilearnonline.be\/wp-content\/uploads\/2020\/02\/Liste-des-TP-B-Ordre-alpha.pdf\" target=\"_blank\" rel=\"noopener noreferrer\">Liste des TP B &#8211; Ordre alphab\u00e9tique<\/a><\/li>\n<\/ul>\n\n\n\n<ul class=\"wp-block-list\">\n<li><a href=\"https:\/\/ilearnonline.be\/wp-content\/uploads\/2025\/03\/S1.pdf\" target=\"_blank\" rel=\"noopener noreferrer\">S\u00e9rie 1<\/a><\/li>\n\n\n\n<li><a href=\"https:\/\/ilearnonline.be\/wp-content\/uploads\/2025\/03\/S2.pdf\" target=\"_blank\" rel=\"noopener noreferrer\">S\u00e9rie 2<\/a><\/li>\n\n\n\n<li><a href=\"https:\/\/ilearnonline.be\/wp-content\/uploads\/2025\/03\/S3.pdf\" target=\"_blank\" rel=\"noopener noreferrer\">S\u00e9rie 3<\/a><\/li>\n\n\n\n<li><a href=\"https:\/\/ilearnonline.be\/wp-content\/uploads\/2025\/03\/S4.pdf\" target=\"_blank\" rel=\"noopener noreferrer\">S\u00e9rie 4<\/a><\/li>\n\n\n\n<li><a href=\"https:\/\/ilearnonline.be\/wp-content\/uploads\/2025\/04\/TPS5.pdf\" target=\"_blank\" rel=\"noopener\">S\u00e9rie 5<\/a><\/li>\n\n\n\n<li><a href=\"https:\/\/ilearnonline.be\/wp-content\/uploads\/2025\/04\/TPS6.pdf\" target=\"_blank\" rel=\"noopener\">S\u00e9rie 6<\/a><\/li>\n\n\n\n<li><a href=\"https:\/\/ilearnonline.be\/wp-content\/uploads\/2020\/02\/S\u00e9rie-7.pdf\" target=\"_blank\" rel=\"noopener noreferrer\">S\u00e9rie 7<\/a><\/li>\n\n\n\n<li><a href=\"https:\/\/ilearnonline.be\/wp-content\/uploads\/2020\/02\/S\u00e9rie-8.pdf\" target=\"_blank\" rel=\"noopener noreferrer\">S\u00e9rie 8<\/a><\/li>\n\n\n\n<li><a href=\"https:\/\/ilearnonline.be\/wp-content\/uploads\/2020\/02\/S\u00e9rie-9.pdf\" target=\"_blank\" rel=\"noopener noreferrer\">S\u00e9rie 9<\/a><\/li>\n\n\n\n<li><a href=\"https:\/\/ilearnonline.be\/wp-content\/uploads\/2020\/02\/S\u00e9rie-10.pdf\" target=\"_blank\" rel=\"noopener noreferrer\">S\u00e9rie 10<\/a><\/li>\n\n\n\n<li><a href=\"https:\/\/ilearnonline.be\/wp-content\/uploads\/2020\/02\/S\u00e9rie-11.pdf\" target=\"_blank\" rel=\"noopener noreferrer\">S\u00e9rie 11<\/a><\/li>\n\n\n\n<li><a href=\"https:\/\/ilearnonline.be\/wp-content\/uploads\/2020\/02\/S\u00e9rie-12.pdf\" target=\"_blank\" rel=\"noopener noreferrer\">S\u00e9rie 12<\/a><\/li>\n\n\n\n<li><a href=\"https:\/\/ilearnonline.be\/wp-content\/uploads\/2020\/02\/S\u00e9rie-13.pdf\" target=\"_blank\" rel=\"noopener noreferrer\">S\u00e9rie 13<\/a><\/li>\n\n\n\n<li><a href=\"https:\/\/ilearnonline.be\/wp-content\/uploads\/2020\/02\/S\u00e9rie-14.pdf\" target=\"_blank\" rel=\"noopener noreferrer\">S\u00e9rie 14<\/a><\/li>\n\n\n\n<li><a href=\"https:\/\/ilearnonline.be\/wp-content\/uploads\/2020\/02\/S\u00e9rie-15.pdf\" target=\"_blank\" rel=\"noopener noreferrer\">S\u00e9rie 15<\/a><\/li>\n<\/ul>\n\n\n\n<hr class=\"wp-block-separator has-alpha-channel-opacity\"\/>\n\n\n\n<h4 class=\"wp-block-heading\">3. S&rsquo;entrainer aux temps primitifs (par s\u00e9rie)<\/h4>\n\n\n\n<div class=\"wp-block-buttons is-layout-flex wp-block-buttons-is-layout-flex\">\n<div class=\"wp-block-button\"><a class=\"wp-block-button__link wp-element-button\" href=\"#S1\">S\u00e9rie 1<\/a><\/div>\n\n\n\n<div class=\"wp-block-button\"><a class=\"wp-block-button__link wp-element-button\" href=\"#S2\">S\u00e9rie 2<\/a><\/div>\n\n\n\n<div class=\"wp-block-button\"><a class=\"wp-block-button__link wp-element-button\" href=\"#S3\">S\u00e9rie 3<\/a><\/div>\n\n\n\n<div class=\"wp-block-button\"><a class=\"wp-block-button__link wp-element-button\">S\u00e9rie 4<\/a><\/div>\n<\/div>\n\n\n\n<hr class=\"wp-block-separator has-alpha-channel-opacity\"\/>\n\n\n\n<h4 class=\"wp-block-heading\" id=\"S1\">S\u00e9rie 1<\/h4>\n\n\n\n<iframe loading=\"lazy\" src=\"https:\/\/quizlet.com\/1153181710\/flashcards\/embed?i=12227h&#038;x=1jj1\" height=\"800\" width=\"100%\" style=\"border:0\"><\/iframe>\n\n\n\n<iframe src=\"https:\/\/learningapps.org\/watch?v=pfebmc62c18\" style=\"border:0px;width:100%;height:500px\" allowfullscreen=\"true\" webkitallowfullscreen=\"true\" mozallowfullscreen=\"true\"><\/iframe>\n\n\n\n<hr class=\"wp-block-separator has-alpha-channel-opacity\"\/>\n\n\n\n<h4 class=\"wp-block-heading\" id=\"S2\">S\u00e9rie 2<\/h4>\n\n\n\n<iframe loading=\"lazy\" src=\"https:\/\/quizlet.com\/1153181708\/flashcards\/embed?i=12227h&#038;x=1jj1\" height=\"800\" width=\"100%\" style=\"border:0\"><\/iframe>\n\n\n\n<iframe src=\"https:\/\/learningapps.org\/watch?v=pq0y01w2c18\" style=\"border:0px;width:100%;height:500px\" allowfullscreen=\"true\" webkitallowfullscreen=\"true\" mozallowfullscreen=\"true\"><\/iframe>\n\n\n\n<hr class=\"wp-block-separator has-alpha-channel-opacity\"\/>\n\n\n\n<h4 class=\"wp-block-heading\" id=\"S3\">S\u00e9rie 3<\/h4>\n\n\n\n<iframe loading=\"lazy\" src=\"https:\/\/quizlet.com\/1154092505\/flashcards\/embed?i=12227h&#038;x=1jj1\" height=\"800\" width=\"100%\" style=\"border:0\"><\/iframe>\n\n\n\n<iframe src=\"https:\/\/learningapps.org\/watch?v=pk2rxj1g321\" style=\"border:0px;width:100%;height:500px\" allowfullscreen=\"true\" webkitallowfullscreen=\"true\" mozallowfullscreen=\"true\"><\/iframe>\n\n\n\n<hr class=\"wp-block-separator has-alpha-channel-opacity\"\/>\n\n\n\n<h4 class=\"wp-block-heading\" id=\"S4\">S\u00e9rie 4<\/h4>\n\n\n\n<iframe loading=\"lazy\" src=\"https:\/\/quizlet.com\/1154092502\/flashcards\/embed?i=12227h&#038;x=1jj1\" height=\"800\" width=\"100%\" style=\"border:0\"><\/iframe>\n\n\n\n<iframe src=\"https:\/\/learningapps.org\/watch?v=phdevkeya21\" style=\"border:0px;width:100%;height:500px\" allowfullscreen=\"true\" webkitallowfullscreen=\"true\" mozallowfullscreen=\"true\"><\/iframe>\n\n\n\n<hr class=\"wp-block-separator has-alpha-channel-opacity\"\/>\n\n\n\n<h4 class=\"wp-block-heading\"><a name=\"B\"><\/a>C. S&rsquo;entrainer aux temps primitifs<\/h4>\n\n\n\n<p><iframe style=\"border: 0px; width: 100%; height: 500px;\" src=\"https:\/\/learningapps.org\/watch?v=pgx5wweac20\"><span data-mce-type=\"bookmark\" style=\"display: inline-block; width: 0px; overflow: hidden; line-height: 0;\" class=\"mce_SELRES_start\">\ufeff<\/span><\/iframe><\/p>\n\n\n\n<ul class=\"wp-block-list\">\n<li>S\u00e9rie 5<\/li>\n<\/ul>\n\n\n\n<p><iframe style=\"border: 0px; width: 100%; height: 500px;\" src=\"https:\/\/learningapps.org\/watch?v=pgakzq9jn20\"><\/iframe><\/p>\n\n\n\n<div id=\"ConnectiveDocSignExtentionInstalled\" data-extension-version=\"1.0.4\">\n<ul>\n<li>S\u00e9rie 6<\/li>\n<\/ul>\n<\/div>\n\n\n\n<p><iframe style=\"border: 0px; width: 100%; height: 500px;\" src=\"https:\/\/learningapps.org\/watch?v=poqg6713n20\"><\/iframe><\/p>\n\n\n\n<div id=\"ConnectiveDocSignExtentionInstalled\" data-extension-version=\"1.0.4\">\n<ul>\n<li>S\u00e9rie 7<\/li>\n<\/ul>\n<p><iframe style=\"border: 0px; width: 100%; height: 500px;\" src=\"https:\/\/learningapps.org\/watch?v=pnzo9p9xj21\" allowfullscreen=\"allowfullscreen\"><\/iframe><\/p>\n<ul>\n<li>S\u00e9rie 8<\/li>\n<\/ul>\n<p><iframe style=\"border: 0px; width: 100%; height: 500px;\" src=\"https:\/\/learningapps.org\/watch?v=pn76jcep521\" allowfullscreen=\"allowfullscreen\"><\/iframe><\/p>\n<ul>\n<li>S\u00e9rie 9<\/li>\n<\/ul>\n<\/div>\n\n\n\n<p><iframe style=\"border: 0px; width: 100%; height: 500px;\" src=\"https:\/\/learningapps.org\/watch?v=pcvdcb3ct20\"><\/iframe><\/p>\n\n\n\n<ul class=\"wp-block-list\">\n<li>S\u00e9rie 10<\/li>\n<\/ul>\n\n\n\n<p><iframe style=\"border: 0px; width: 100%; height: 500px;\" src=\"https:\/\/learningapps.org\/watch?v=py8nhtwic20\"><\/iframe><\/p>\n\n\n\n<div id=\"ConnectiveDocSignExtentionInstalled\" data-extension-version=\"1.0.4\">\n<ul>\n<li>S\u00e9rie 11<\/li>\n<\/ul>\n<\/div>\n\n\n\n<p><iframe style=\"border: 0px; width: 100%; height: 500px;\" src=\"https:\/\/learningapps.org\/watch?v=pfgsrki3320\"><\/iframe><\/p>\n\n\n\n<ul class=\"wp-block-list\">\n<li>S\u00e9rie 12<\/li>\n<\/ul>\n\n\n\n<p><iframe style=\"border: 0px; width: 100%; height: 500px;\" src=\"https:\/\/learningapps.org\/watch?v=pg9erd5dk20\"><\/iframe><\/p>\n\n\n\n<ul class=\"wp-block-list\">\n<li>S\u00e9ries 1 \u00e0 12<\/li>\n<\/ul>\n\n\n\n<p><iframe style=\"border: 0px; width: 100%; height: 900px;\" src=\"https:\/\/learningapps.org\/watch?v=p2fz01gan20\"><\/iframe><\/p>\n\n\n\n<div id=\"ConnectiveDocSignExtentionInstalled\" data-extension-version=\"1.0.4\">\n<ul>\n<li>S\u00e9rie 13<\/li>\n<\/ul>\n<p><iframe style=\"border: 0px; width: 100%; height: 500px;\" src=\"https:\/\/learningapps.org\/watch?v=pdzaofnyc20\"><\/iframe><\/p>\n<\/div>\n\n\n\n<ul class=\"wp-block-list\">\n<li>\n<ul class=\"wp-block-list\">\n<li>S\u00e9rie 14<\/li>\n<\/ul>\n<\/li>\n<\/ul>\n\n\n\n<p><iframe style=\"border: 0px; width: 100%; height: 500px;\" src=\"https:\/\/learningapps.org\/watch?v=pm517rnjj20\"><\/iframe><\/p>\n\n\n\n<div id=\"ConnectiveDocSignExtentionInstalled\" data-extension-version=\"1.0.4\">\n<ul>\n<li>S\u00e9ries 1 \u00e0 15 (part 1\/3)<\/li>\n<\/ul>\n<\/div>\n\n\n\n<p><iframe style=\"border: 0px; width: 100%; height: 600px;\" src=\"https:\/\/learningapps.org\/watch?v=pvhx3tfnv20\"><\/iframe><\/p>\n\n\n\n<ul class=\"wp-block-list\">\n<li>S\u00e9ries 1 \u00e0 15 (part 2\/3)<\/li>\n<\/ul>\n\n\n\n<p><iframe style=\"border: 0px; width: 100%; height: 600px;\" src=\"https:\/\/learningapps.org\/watch?v=p4tmhd70t20\"><\/iframe><\/p>\n\n\n\n<ul class=\"wp-block-list\">\n<li>S\u00e9ries 1 \u00e0 15 (part 3\/3)<\/li>\n<\/ul>\n\n\n\n<p><iframe style=\"border: 0px; width: 100%; height: 600px;\" src=\"https:\/\/learningapps.org\/watch?v=p56avxm3t20\"><\/iframe><\/p>\n\n\n\n<p><\/p>\n<!-- \/wp:post-content -->","protected":false},"excerpt":{"rendered":"<p>Table des mati\u00e8res 1. Calendrier des temps primitifs En cours 2. T\u00e9l\u00e9chargement des temps primitifs 3. S&rsquo;entrainer aux temps primitifs (par s\u00e9rie) S\u00e9rie 1 S\u00e9rie [&hellip;]<\/p>\n","protected":false},"author":2,"featured_media":0,"parent":0,"menu_order":0,"comment_status":"closed","ping_status":"closed","template":"","meta":{"footnotes":""},"class_list":["post-294","page","type-page","status-publish","hentry"],"_links":{"self":[{"href":"https:\/\/ilearnonline.be\/index.php\/wp-json\/wp\/v2\/pages\/294","targetHints":{"allow":["GET"]}}],"collection":[{"href":"https:\/\/ilearnonline.be\/index.php\/wp-json\/wp\/v2\/pages"}],"about":[{"href":"https:\/\/ilearnonline.be\/index.php\/wp-json\/wp\/v2\/types\/page"}],"author":[{"embeddable":true,"href":"https:\/\/ilearnonline.be\/index.php\/wp-json\/wp\/v2\/users\/2"}],"replies":[{"embeddable":true,"href":"https:\/\/ilearnonline.be\/index.php\/wp-json\/wp\/v2\/comments?post=294"}],"version-history":[{"count":47,"href":"https:\/\/ilearnonline.be\/index.php\/wp-json\/wp\/v2\/pages\/294\/revisions"}],"predecessor-version":[{"id":1087,"href":"https:\/\/ilearnonline.be\/index.php\/wp-json\/wp\/v2\/pages\/294\/revisions\/1087"}],"wp:attachment":[{"href":"https:\/\/ilearnonline.be\/index.php\/wp-json\/wp\/v2\/media?parent=294"}],"curies":[{"name":"wp","href":"https:\/\/api.w.org\/{rel}","templated":true}]}}